{"id":4858,"date":"2021-03-03T15:51:33","date_gmt":"2021-03-03T14:51:33","guid":{"rendered":"https:\/\/glurns.city\/?page_id=4858"},"modified":"2021-10-07T06:53:34","modified_gmt":"2021-10-07T04:53:34","slug":"wellness","status":"publish","type":"page","link":"https:\/\/www.gasthofgruenerbaum.it\/de\/wellness\/","title":{"rendered":"Wellness Sauna in Glurns Vinschgau S\u00fcdtirol"},"content":{"rendered":"\n<figure class=\"wp-block-gallery columns-0 is-cropped wp-block-gallery-1 is-layout-flex wp-block-gallery-is-layout-flex\"><ul class=\"blocks-gallery-grid\"><\/ul><\/figure>\n","protected":false},"excerpt":{"rendered":"","protected":false},"author":1,"featured_media":0,"parent":0,"menu_order":0,"comment_status":"closed","ping_status":"closed","template":"","meta":{"footnotes":""},"class_list":["post-4858","page","type-page","status-publish","hentry"],"yoast_head":"<!-- This site is optimized with the Yoast SEO plugin v27.4 - https:\/\/yoast.com\/product\/yoast-seo-wordpress\/ -->\n<title>Wellnesserlebnis mit Sauna, Dampfbad und Panorama-Whirlpool Glurns<\/title>\n<meta name=\"description\" content=\"\u00dcber den D\u00e4chern von Glurns entspannen Sie in unserer Sky Lounge. Entfliehen Sie dem Alltag und finden Sie wieder zur inneren Ruhe. Ged\u00e4mpfte Lichtstimmung, harmonische Kl\u00e4nge und wohlriechende D\u00fcfte f\u00f6rdern Ihre Entspannung.Genie\u00dfen Sie ein ausgiebiges Bad in unserem \u00fcberdachten und beheizten Whirlpool hoch \u00fcber den D\u00e4chern von Glurns. Eingebettet in das atemberaubende Alpenpanorama tr\u00e4umen Sie dem Sonnenuntergang entgegen.\" \/>\n<meta name=\"robots\" content=\"index, follow, max-snippet:-1, max-image-preview:large, max-video-preview:-1\" \/>\n<link rel=\"canonical\" href=\"https:\/\/www.gasthofgruenerbaum.it\/de\/wellness\/\" \/>\n<meta property=\"og:locale\" content=\"de_DE\" \/>\n<meta property=\"og:type\" content=\"article\" \/>\n<meta property=\"og:title\" content=\"Wellnesserlebnis mit Sauna, Dampfbad und Panorama-Whirlpool Glurns\" \/>\n<meta property=\"og:description\" content=\"\u00dcber den D\u00e4chern von Glurns entspannen Sie in unserer Sky Lounge. Entfliehen Sie dem Alltag und finden Sie wieder zur inneren Ruhe. Ged\u00e4mpfte Lichtstimmung, harmonische Kl\u00e4nge und wohlriechende D\u00fcfte f\u00f6rdern Ihre Entspannung.Genie\u00dfen Sie ein ausgiebiges Bad in unserem \u00fcberdachten und beheizten Whirlpool hoch \u00fcber den D\u00e4chern von Glurns. Eingebettet in das atemberaubende Alpenpanorama tr\u00e4umen Sie dem Sonnenuntergang entgegen.\" \/>\n<meta property=\"og:url\" content=\"https:\/\/www.gasthofgruenerbaum.it\/de\/wellness\/\" \/>\n<meta property=\"og:site_name\" content=\"Gr\u00fcner Baum - Historischer Gasthof\" \/>\n<meta property=\"article:modified_time\" content=\"2021-10-07T04:53:34+00:00\" \/>\n<meta name=\"twitter:card\" content=\"summary_large_image\" \/>\n<script type=\"application\/ld+json\" class=\"yoast-schema-graph\">{\"@context\":\"https:\\\/\\\/schema.org\",\"@graph\":[{\"@type\":\"WebPage\",\"@id\":\"https:\\\/\\\/www.gasthofgruenerbaum.it\\\/de\\\/wellness\\\/\",\"url\":\"https:\\\/\\\/www.gasthofgruenerbaum.it\\\/de\\\/wellness\\\/\",\"name\":\"Wellnesserlebnis mit Sauna, Dampfbad und Panorama-Whirlpool Glurns\",\"isPartOf\":{\"@id\":\"https:\\\/\\\/www.gasthofgruenerbaum.it\\\/de\\\/#website\"},\"datePublished\":\"2021-03-03T14:51:33+00:00\",\"dateModified\":\"2021-10-07T04:53:34+00:00\",\"description\":\"\u00dcber den D\u00e4chern von Glurns entspannen Sie in unserer Sky Lounge. Entfliehen Sie dem Alltag und finden Sie wieder zur inneren Ruhe. Ged\u00e4mpfte Lichtstimmung, harmonische Kl\u00e4nge und wohlriechende D\u00fcfte f\u00f6rdern Ihre Entspannung.Genie\u00dfen Sie ein ausgiebiges Bad in unserem \u00fcberdachten und beheizten Whirlpool hoch \u00fcber den D\u00e4chern von Glurns. Eingebettet in das atemberaubende Alpenpanorama tr\u00e4umen Sie dem Sonnenuntergang entgegen.\",\"breadcrumb\":{\"@id\":\"https:\\\/\\\/www.gasthofgruenerbaum.it\\\/de\\\/wellness\\\/#breadcrumb\"},\"inLanguage\":\"de\",\"potentialAction\":[{\"@type\":\"ReadAction\",\"target\":[\"https:\\\/\\\/www.gasthofgruenerbaum.it\\\/de\\\/wellness\\\/\"]}]},{\"@type\":\"BreadcrumbList\",\"@id\":\"https:\\\/\\\/www.gasthofgruenerbaum.it\\\/de\\\/wellness\\\/#breadcrumb\",\"itemListElement\":[{\"@type\":\"ListItem\",\"position\":1,\"name\":\"Startseite\",\"item\":\"https:\\\/\\\/www.gasthofgruenerbaum.it\\\/de\\\/\"},{\"@type\":\"ListItem\",\"position\":2,\"name\":\"Wellness Sauna in Glurns Vinschgau S\u00fcdtirol\"}]},{\"@type\":\"WebSite\",\"@id\":\"https:\\\/\\\/www.gasthofgruenerbaum.it\\\/de\\\/#website\",\"url\":\"https:\\\/\\\/www.gasthofgruenerbaum.it\\\/de\\\/\",\"name\":\"Gr\u00fcner Baum - Historischer Gasthof\",\"description\":\"Historischer Gasthof in Glurns, Vinschgau, S\u00fcdtirol\",\"publisher\":{\"@id\":\"https:\\\/\\\/www.gasthofgruenerbaum.it\\\/de\\\/#organization\"},\"potentialAction\":[{\"@type\":\"SearchAction\",\"target\":{\"@type\":\"EntryPoint\",\"urlTemplate\":\"https:\\\/\\\/www.gasthofgruenerbaum.it\\\/de\\\/?s={search_term_string}\"},\"query-input\":{\"@type\":\"PropertyValueSpecification\",\"valueRequired\":true,\"valueName\":\"search_term_string\"}}],\"inLanguage\":\"de\"},{\"@type\":\"Organization\",\"@id\":\"https:\\\/\\\/www.gasthofgruenerbaum.it\\\/de\\\/#organization\",\"name\":\"Gr\u00fcner Baum - Historischer Gasthof\",\"url\":\"https:\\\/\\\/www.gasthofgruenerbaum.it\\\/de\\\/\",\"logo\":{\"@type\":\"ImageObject\",\"inLanguage\":\"de\",\"@id\":\"https:\\\/\\\/www.gasthofgruenerbaum.it\\\/de\\\/#\\\/schema\\\/logo\\\/image\\\/\",\"url\":\"https:\\\/\\\/www.gasthofgruenerbaum.it\\\/wp-content\\\/uploads\\\/2021\\\/03\\\/1920_logo_gb_weiss.png\",\"contentUrl\":\"https:\\\/\\\/www.gasthofgruenerbaum.it\\\/wp-content\\\/uploads\\\/2021\\\/03\\\/1920_logo_gb_weiss.png\",\"width\":1920,\"height\":579,\"caption\":\"Gr\u00fcner Baum - Historischer Gasthof\"},\"image\":{\"@id\":\"https:\\\/\\\/www.gasthofgruenerbaum.it\\\/de\\\/#\\\/schema\\\/logo\\\/image\\\/\"}}]}<\/script>\n<!-- \/ Yoast SEO plugin. -->","yoast_head_json":{"title":"Wellnesserlebnis mit Sauna, Dampfbad und Panorama-Whirlpool Glurns","description":"\u00dcber den D\u00e4chern von Glurns entspannen Sie in unserer Sky Lounge. Entfliehen Sie dem Alltag und finden Sie wieder zur inneren Ruhe. Ged\u00e4mpfte Lichtstimmung, harmonische Kl\u00e4nge und wohlriechende D\u00fcfte f\u00f6rdern Ihre Entspannung.Genie\u00dfen Sie ein ausgiebiges Bad in unserem \u00fcberdachten und beheizten Whirlpool hoch \u00fcber den D\u00e4chern von Glurns. Eingebettet in das atemberaubende Alpenpanorama tr\u00e4umen Sie dem Sonnenuntergang entgegen.","robots":{"index":"index","follow":"follow","max-snippet":"max-snippet:-1","max-image-preview":"max-image-preview:large","max-video-preview":"max-video-preview:-1"},"canonical":"https:\/\/www.gasthofgruenerbaum.it\/de\/wellness\/","og_locale":"de_DE","og_type":"article","og_title":"Wellnesserlebnis mit Sauna, Dampfbad und Panorama-Whirlpool Glurns","og_description":"\u00dcber den D\u00e4chern von Glurns entspannen Sie in unserer Sky Lounge. Entfliehen Sie dem Alltag und finden Sie wieder zur inneren Ruhe. Ged\u00e4mpfte Lichtstimmung, harmonische Kl\u00e4nge und wohlriechende D\u00fcfte f\u00f6rdern Ihre Entspannung.Genie\u00dfen Sie ein ausgiebiges Bad in unserem \u00fcberdachten und beheizten Whirlpool hoch \u00fcber den D\u00e4chern von Glurns. Eingebettet in das atemberaubende Alpenpanorama tr\u00e4umen Sie dem Sonnenuntergang entgegen.","og_url":"https:\/\/www.gasthofgruenerbaum.it\/de\/wellness\/","og_site_name":"Gr\u00fcner Baum - Historischer Gasthof","article_modified_time":"2021-10-07T04:53:34+00:00","twitter_card":"summary_large_image","schema":{"@context":"https:\/\/schema.org","@graph":[{"@type":"WebPage","@id":"https:\/\/www.gasthofgruenerbaum.it\/de\/wellness\/","url":"https:\/\/www.gasthofgruenerbaum.it\/de\/wellness\/","name":"Wellnesserlebnis mit Sauna, Dampfbad und Panorama-Whirlpool Glurns","isPartOf":{"@id":"https:\/\/www.gasthofgruenerbaum.it\/de\/#website"},"datePublished":"2021-03-03T14:51:33+00:00","dateModified":"2021-10-07T04:53:34+00:00","description":"\u00dcber den D\u00e4chern von Glurns entspannen Sie in unserer Sky Lounge. Entfliehen Sie dem Alltag und finden Sie wieder zur inneren Ruhe. Ged\u00e4mpfte Lichtstimmung, harmonische Kl\u00e4nge und wohlriechende D\u00fcfte f\u00f6rdern Ihre Entspannung.Genie\u00dfen Sie ein ausgiebiges Bad in unserem \u00fcberdachten und beheizten Whirlpool hoch \u00fcber den D\u00e4chern von Glurns. Eingebettet in das atemberaubende Alpenpanorama tr\u00e4umen Sie dem Sonnenuntergang entgegen.","breadcrumb":{"@id":"https:\/\/www.gasthofgruenerbaum.it\/de\/wellness\/#breadcrumb"},"inLanguage":"de","potentialAction":[{"@type":"ReadAction","target":["https:\/\/www.gasthofgruenerbaum.it\/de\/wellness\/"]}]},{"@type":"BreadcrumbList","@id":"https:\/\/www.gasthofgruenerbaum.it\/de\/wellness\/#breadcrumb","itemListElement":[{"@type":"ListItem","position":1,"name":"Startseite","item":"https:\/\/www.gasthofgruenerbaum.it\/de\/"},{"@type":"ListItem","position":2,"name":"Wellness Sauna in Glurns Vinschgau S\u00fcdtirol"}]},{"@type":"WebSite","@id":"https:\/\/www.gasthofgruenerbaum.it\/de\/#website","url":"https:\/\/www.gasthofgruenerbaum.it\/de\/","name":"Gr\u00fcner Baum - Historischer Gasthof","description":"Historischer Gasthof in Glurns, Vinschgau, S\u00fcdtirol","publisher":{"@id":"https:\/\/www.gasthofgruenerbaum.it\/de\/#organization"},"potentialAction":[{"@type":"SearchAction","target":{"@type":"EntryPoint","urlTemplate":"https:\/\/www.gasthofgruenerbaum.it\/de\/?s={search_term_string}"},"query-input":{"@type":"PropertyValueSpecification","valueRequired":true,"valueName":"search_term_string"}}],"inLanguage":"de"},{"@type":"Organization","@id":"https:\/\/www.gasthofgruenerbaum.it\/de\/#organization","name":"Gr\u00fcner Baum - Historischer Gasthof","url":"https:\/\/www.gasthofgruenerbaum.it\/de\/","logo":{"@type":"ImageObject","inLanguage":"de","@id":"https:\/\/www.gasthofgruenerbaum.it\/de\/#\/schema\/logo\/image\/","url":"https:\/\/www.gasthofgruenerbaum.it\/wp-content\/uploads\/2021\/03\/1920_logo_gb_weiss.png","contentUrl":"https:\/\/www.gasthofgruenerbaum.it\/wp-content\/uploads\/2021\/03\/1920_logo_gb_weiss.png","width":1920,"height":579,"caption":"Gr\u00fcner Baum - Historischer Gasthof"},"image":{"@id":"https:\/\/www.gasthofgruenerbaum.it\/de\/#\/schema\/logo\/image\/"}}]}},"_links":{"self":[{"href":"https:\/\/www.gasthofgruenerbaum.it\/de\/wp-json\/wp\/v2\/pages\/4858","targetHints":{"allow":["GET"]}}],"collection":[{"href":"https:\/\/www.gasthofgruenerbaum.it\/de\/wp-json\/wp\/v2\/pages"}],"about":[{"href":"https:\/\/www.gasthofgruenerbaum.it\/de\/wp-json\/wp\/v2\/types\/page"}],"author":[{"embeddable":true,"href":"https:\/\/www.gasthofgruenerbaum.it\/de\/wp-json\/wp\/v2\/users\/1"}],"replies":[{"embeddable":true,"href":"https:\/\/www.gasthofgruenerbaum.it\/de\/wp-json\/wp\/v2\/comments?post=4858"}],"version-history":[{"count":5,"href":"https:\/\/www.gasthofgruenerbaum.it\/de\/wp-json\/wp\/v2\/pages\/4858\/revisions"}],"predecessor-version":[{"id":6696,"href":"https:\/\/www.gasthofgruenerbaum.it\/de\/wp-json\/wp\/v2\/pages\/4858\/revisions\/6696"}],"wp:attachment":[{"href":"https:\/\/www.gasthofgruenerbaum.it\/de\/wp-json\/wp\/v2\/media?parent=4858"}],"curies":[{"name":"wp","href":"https:\/\/api.w.org\/{rel}","templated":true}]}}