{"id":5244,"date":"2021-03-07T08:14:38","date_gmt":"2021-03-07T07:14:38","guid":{"rendered":"https:\/\/glurns.city\/?page_id=5244"},"modified":"2025-10-29T15:46:31","modified_gmt":"2025-10-29T14:46:31","slug":"glorenza","status":"publish","type":"page","link":"https:\/\/www.gasthofgruenerbaum.it\/it\/glorenza\/","title":{"rendered":"Glorenza Venosta Alto Adige"},"content":{"rendered":"","protected":false},"excerpt":{"rendered":"","protected":false},"author":1,"featured_media":0,"parent":0,"menu_order":0,"comment_status":"closed","ping_status":"closed","template":"","meta":{"footnotes":""},"class_list":["post-5244","page","type-page","status-publish","hentry"],"yoast_head":"<!-- This site is optimized with the Yoast SEO plugin v27.4 - https:\/\/yoast.com\/product\/yoast-seo-wordpress\/ -->\n<title>Glorenza Venosta Alto Adige - Albero Verde - Albergo Storico<\/title>\n<meta name=\"description\" content=\"\u00c8 la pi\u00f9 piccola citt\u00e0 dell\u2019Alto Adige e d\u2019Italia, un vero gioiello architettonico. La cinta muraria interamente conservata, con le sue tre imponenti torri e tutta una serie di torrette difensive, circonda un pittoresco intreccio di stradine e vicoli, case private del XVI sec. e incantevoli portici.\" \/>\n<meta name=\"robots\" content=\"index, follow, max-snippet:-1, max-image-preview:large, max-video-preview:-1\" \/>\n<link rel=\"canonical\" href=\"https:\/\/www.gasthofgruenerbaum.it\/it\/glorenza\/\" \/>\n<meta property=\"og:locale\" content=\"it_IT\" \/>\n<meta property=\"og:type\" content=\"article\" \/>\n<meta property=\"og:title\" content=\"Glorenza Venosta Alto Adige - Albero Verde - Albergo Storico\" \/>\n<meta property=\"og:description\" content=\"\u00c8 la pi\u00f9 piccola citt\u00e0 dell\u2019Alto Adige e d\u2019Italia, un vero gioiello architettonico. La cinta muraria interamente conservata, con le sue tre imponenti torri e tutta una serie di torrette difensive, circonda un pittoresco intreccio di stradine e vicoli, case private del XVI sec. e incantevoli portici.\" \/>\n<meta property=\"og:url\" content=\"https:\/\/www.gasthofgruenerbaum.it\/it\/glorenza\/\" \/>\n<meta property=\"og:site_name\" content=\"Albero Verde - Albergo Storico\" \/>\n<meta property=\"article:modified_time\" content=\"2025-10-29T14:46:31+00:00\" \/>\n<meta name=\"twitter:card\" content=\"summary_large_image\" \/>\n<script type=\"application\/ld+json\" class=\"yoast-schema-graph\">{\"@context\":\"https:\\\/\\\/schema.org\",\"@graph\":[{\"@type\":\"WebPage\",\"@id\":\"https:\\\/\\\/www.gasthofgruenerbaum.it\\\/it\\\/glorenza\\\/\",\"url\":\"https:\\\/\\\/www.gasthofgruenerbaum.it\\\/it\\\/glorenza\\\/\",\"name\":\"Glorenza Venosta Alto Adige - Albero Verde - Albergo Storico\",\"isPartOf\":{\"@id\":\"https:\\\/\\\/www.gasthofgruenerbaum.it\\\/it\\\/#website\"},\"datePublished\":\"2021-03-07T07:14:38+00:00\",\"dateModified\":\"2025-10-29T14:46:31+00:00\",\"description\":\"\u00c8 la pi\u00f9 piccola citt\u00e0 dell\u2019Alto Adige e d\u2019Italia, un vero gioiello architettonico. La cinta muraria interamente conservata, con le sue tre imponenti torri e tutta una serie di torrette difensive, circonda un pittoresco intreccio di stradine e vicoli, case private del XVI sec. e incantevoli portici.\",\"breadcrumb\":{\"@id\":\"https:\\\/\\\/www.gasthofgruenerbaum.it\\\/it\\\/glorenza\\\/#breadcrumb\"},\"inLanguage\":\"it-IT\",\"potentialAction\":[{\"@type\":\"ReadAction\",\"target\":[\"https:\\\/\\\/www.gasthofgruenerbaum.it\\\/it\\\/glorenza\\\/\"]}]},{\"@type\":\"BreadcrumbList\",\"@id\":\"https:\\\/\\\/www.gasthofgruenerbaum.it\\\/it\\\/glorenza\\\/#breadcrumb\",\"itemListElement\":[{\"@type\":\"ListItem\",\"position\":1,\"name\":\"Startseite\",\"item\":\"https:\\\/\\\/www.gasthofgruenerbaum.it\\\/it\\\/\"},{\"@type\":\"ListItem\",\"position\":2,\"name\":\"Glorenza Venosta Alto Adige\"}]},{\"@type\":\"WebSite\",\"@id\":\"https:\\\/\\\/www.gasthofgruenerbaum.it\\\/it\\\/#website\",\"url\":\"https:\\\/\\\/www.gasthofgruenerbaum.it\\\/it\\\/\",\"name\":\"Albero Verde - Albergo Storico\",\"description\":\"Albero Verde - Albergo Storico a Glorenza Val Venosta Alto Adige\",\"publisher\":{\"@id\":\"https:\\\/\\\/www.gasthofgruenerbaum.it\\\/it\\\/#organization\"},\"potentialAction\":[{\"@type\":\"SearchAction\",\"target\":{\"@type\":\"EntryPoint\",\"urlTemplate\":\"https:\\\/\\\/www.gasthofgruenerbaum.it\\\/it\\\/?s={search_term_string}\"},\"query-input\":{\"@type\":\"PropertyValueSpecification\",\"valueRequired\":true,\"valueName\":\"search_term_string\"}}],\"inLanguage\":\"it-IT\"},{\"@type\":\"Organization\",\"@id\":\"https:\\\/\\\/www.gasthofgruenerbaum.it\\\/it\\\/#organization\",\"name\":\"Albero Verde - Albergo Storico\",\"url\":\"https:\\\/\\\/www.gasthofgruenerbaum.it\\\/it\\\/\",\"logo\":{\"@type\":\"ImageObject\",\"inLanguage\":\"it-IT\",\"@id\":\"https:\\\/\\\/www.gasthofgruenerbaum.it\\\/it\\\/#\\\/schema\\\/logo\\\/image\\\/\",\"url\":\"https:\\\/\\\/www.gasthofgruenerbaum.it\\\/wp-content\\\/uploads\\\/2021\\\/03\\\/1920_logo_gb_weiss.png\",\"contentUrl\":\"https:\\\/\\\/www.gasthofgruenerbaum.it\\\/wp-content\\\/uploads\\\/2021\\\/03\\\/1920_logo_gb_weiss.png\",\"width\":1920,\"height\":579,\"caption\":\"Albero Verde - Albergo Storico\"},\"image\":{\"@id\":\"https:\\\/\\\/www.gasthofgruenerbaum.it\\\/it\\\/#\\\/schema\\\/logo\\\/image\\\/\"}}]}<\/script>\n<!-- \/ Yoast SEO plugin. -->","yoast_head_json":{"title":"Glorenza Venosta Alto Adige - Albero Verde - Albergo Storico","description":"\u00c8 la pi\u00f9 piccola citt\u00e0 dell\u2019Alto Adige e d\u2019Italia, un vero gioiello architettonico. La cinta muraria interamente conservata, con le sue tre imponenti torri e tutta una serie di torrette difensive, circonda un pittoresco intreccio di stradine e vicoli, case private del XVI sec. e incantevoli portici.","robots":{"index":"index","follow":"follow","max-snippet":"max-snippet:-1","max-image-preview":"max-image-preview:large","max-video-preview":"max-video-preview:-1"},"canonical":"https:\/\/www.gasthofgruenerbaum.it\/it\/glorenza\/","og_locale":"it_IT","og_type":"article","og_title":"Glorenza Venosta Alto Adige - Albero Verde - Albergo Storico","og_description":"\u00c8 la pi\u00f9 piccola citt\u00e0 dell\u2019Alto Adige e d\u2019Italia, un vero gioiello architettonico. La cinta muraria interamente conservata, con le sue tre imponenti torri e tutta una serie di torrette difensive, circonda un pittoresco intreccio di stradine e vicoli, case private del XVI sec. e incantevoli portici.","og_url":"https:\/\/www.gasthofgruenerbaum.it\/it\/glorenza\/","og_site_name":"Albero Verde - Albergo Storico","article_modified_time":"2025-10-29T14:46:31+00:00","twitter_card":"summary_large_image","schema":{"@context":"https:\/\/schema.org","@graph":[{"@type":"WebPage","@id":"https:\/\/www.gasthofgruenerbaum.it\/it\/glorenza\/","url":"https:\/\/www.gasthofgruenerbaum.it\/it\/glorenza\/","name":"Glorenza Venosta Alto Adige - Albero Verde - Albergo Storico","isPartOf":{"@id":"https:\/\/www.gasthofgruenerbaum.it\/it\/#website"},"datePublished":"2021-03-07T07:14:38+00:00","dateModified":"2025-10-29T14:46:31+00:00","description":"\u00c8 la pi\u00f9 piccola citt\u00e0 dell\u2019Alto Adige e d\u2019Italia, un vero gioiello architettonico. La cinta muraria interamente conservata, con le sue tre imponenti torri e tutta una serie di torrette difensive, circonda un pittoresco intreccio di stradine e vicoli, case private del XVI sec. e incantevoli portici.","breadcrumb":{"@id":"https:\/\/www.gasthofgruenerbaum.it\/it\/glorenza\/#breadcrumb"},"inLanguage":"it-IT","potentialAction":[{"@type":"ReadAction","target":["https:\/\/www.gasthofgruenerbaum.it\/it\/glorenza\/"]}]},{"@type":"BreadcrumbList","@id":"https:\/\/www.gasthofgruenerbaum.it\/it\/glorenza\/#breadcrumb","itemListElement":[{"@type":"ListItem","position":1,"name":"Startseite","item":"https:\/\/www.gasthofgruenerbaum.it\/it\/"},{"@type":"ListItem","position":2,"name":"Glorenza Venosta Alto Adige"}]},{"@type":"WebSite","@id":"https:\/\/www.gasthofgruenerbaum.it\/it\/#website","url":"https:\/\/www.gasthofgruenerbaum.it\/it\/","name":"Albero Verde - Albergo Storico","description":"Albero Verde - Albergo Storico a Glorenza Val Venosta Alto Adige","publisher":{"@id":"https:\/\/www.gasthofgruenerbaum.it\/it\/#organization"},"potentialAction":[{"@type":"SearchAction","target":{"@type":"EntryPoint","urlTemplate":"https:\/\/www.gasthofgruenerbaum.it\/it\/?s={search_term_string}"},"query-input":{"@type":"PropertyValueSpecification","valueRequired":true,"valueName":"search_term_string"}}],"inLanguage":"it-IT"},{"@type":"Organization","@id":"https:\/\/www.gasthofgruenerbaum.it\/it\/#organization","name":"Albero Verde - Albergo Storico","url":"https:\/\/www.gasthofgruenerbaum.it\/it\/","logo":{"@type":"ImageObject","inLanguage":"it-IT","@id":"https:\/\/www.gasthofgruenerbaum.it\/it\/#\/schema\/logo\/image\/","url":"https:\/\/www.gasthofgruenerbaum.it\/wp-content\/uploads\/2021\/03\/1920_logo_gb_weiss.png","contentUrl":"https:\/\/www.gasthofgruenerbaum.it\/wp-content\/uploads\/2021\/03\/1920_logo_gb_weiss.png","width":1920,"height":579,"caption":"Albero Verde - Albergo Storico"},"image":{"@id":"https:\/\/www.gasthofgruenerbaum.it\/it\/#\/schema\/logo\/image\/"}}]}},"_links":{"self":[{"href":"https:\/\/www.gasthofgruenerbaum.it\/it\/wp-json\/wp\/v2\/pages\/5244","targetHints":{"allow":["GET"]}}],"collection":[{"href":"https:\/\/www.gasthofgruenerbaum.it\/it\/wp-json\/wp\/v2\/pages"}],"about":[{"href":"https:\/\/www.gasthofgruenerbaum.it\/it\/wp-json\/wp\/v2\/types\/page"}],"author":[{"embeddable":true,"href":"https:\/\/www.gasthofgruenerbaum.it\/it\/wp-json\/wp\/v2\/users\/1"}],"replies":[{"embeddable":true,"href":"https:\/\/www.gasthofgruenerbaum.it\/it\/wp-json\/wp\/v2\/comments?post=5244"}],"version-history":[{"count":5,"href":"https:\/\/www.gasthofgruenerbaum.it\/it\/wp-json\/wp\/v2\/pages\/5244\/revisions"}],"predecessor-version":[{"id":7601,"href":"https:\/\/www.gasthofgruenerbaum.it\/it\/wp-json\/wp\/v2\/pages\/5244\/revisions\/7601"}],"wp:attachment":[{"href":"https:\/\/www.gasthofgruenerbaum.it\/it\/wp-json\/wp\/v2\/media?parent=5244"}],"curies":[{"name":"wp","href":"https:\/\/api.w.org\/{rel}","templated":true}]}}